{"id":3470,"date":"2023-11-20T13:32:10","date_gmt":"2023-11-20T13:32:10","guid":{"rendered":"https:\/\/world-ihs.com\/hospetak\/"},"modified":"2023-11-22T10:01:13","modified_gmt":"2023-11-22T10:01:13","slug":"hospetak","status":"publish","type":"page","link":"https:\/\/world-ihs.com\/fr\/hospetak\/","title":{"rendered":"hospetak"},"content":{"rendered":"\t\t<div data-elementor-type=\"page\" data-elementor-id=\"3470\" class=\"elementor elementor-3470 elementor-2962\" data-elementor-settings=\"{&quot;element_pack_global_tooltip_width&quot;:{&quot;unit&quot;:&quot;px&quot;,&quot;size&quot;:&quot;&quot;,&quot;sizes&quot;:[]},&quot;element_pack_global_tooltip_width_tablet&quot;:{&quot;unit&quot;:&quot;px&quot;,&quot;size&quot;:&quot;&quot;,&quot;sizes&quot;:[]},&quot;element_pack_global_tooltip_width_mobile&quot;:{&quot;unit&quot;:&quot;px&quot;,&quot;size&quot;:&quot;&quot;,&quot;sizes&quot;:[]},&quot;element_pack_global_tooltip_padding&quot;:{&quot;unit&quot;:&quot;px&quot;,&quot;top&quot;:&quot;&quot;,&quot;right&quot;:&quot;&quot;,&quot;bottom&quot;:&quot;&quot;,&quot;left&quot;:&quot;&quot;,&quot;isLinked&quot;:true},&quot;element_pack_global_tooltip_padding_tablet&quot;:{&quot;unit&quot;:&quot;px&quot;,&quot;top&quot;:&quot;&quot;,&quot;right&quot;:&quot;&quot;,&quot;bottom&quot;:&quot;&quot;,&quot;left&quot;:&quot;&quot;,&quot;isLinked&quot;:true},&quot;element_pack_global_tooltip_padding_mobile&quot;:{&quot;unit&quot;:&quot;px&quot;,&quot;top&quot;:&quot;&quot;,&quot;right&quot;:&quot;&quot;,&quot;bottom&quot;:&quot;&quot;,&quot;left&quot;:&quot;&quot;,&quot;isLinked&quot;:true},&quot;element_pack_global_tooltip_border_radius&quot;:{&quot;unit&quot;:&quot;px&quot;,&quot;top&quot;:&quot;&quot;,&quot;right&quot;:&quot;&quot;,&quot;bottom&quot;:&quot;&quot;,&quot;left&quot;:&quot;&quot;,&quot;isLinked&quot;:true},&quot;element_pack_global_tooltip_border_radius_tablet&quot;:{&quot;unit&quot;:&quot;px&quot;,&quot;top&quot;:&quot;&quot;,&quot;right&quot;:&quot;&quot;,&quot;bottom&quot;:&quot;&quot;,&quot;left&quot;:&quot;&quot;,&quot;isLinked&quot;:true},&quot;element_pack_global_tooltip_border_radius_mobile&quot;:{&quot;unit&quot;:&quot;px&quot;,&quot;top&quot;:&quot;&quot;,&quot;right&quot;:&quot;&quot;,&quot;bottom&quot;:&quot;&quot;,&quot;left&quot;:&quot;&quot;,&quot;isLinked&quot;:true}}\" data-elementor-post-type=\"page\">\n\t\t\t\t\t\t<section class=\"elementor-section elementor-top-section elementor-element elementor-element-27eadef6 elementor-section-boxed elementor-section-height-default elementor-section-height-default\" data-id=\"27eadef6\" data-element_type=\"section\" data-settings=\"{&quot;background_background&quot;:&quot;classic&quot;}\">\n\t\t\t\t\t\t\t<div class=\"elementor-background-overlay\"><\/div>\n\t\t\t\t\t\t\t<div class=\"elementor-container elementor-column-gap-default\">\n\t\t\t\t\t<div class=\"elementor-column elementor-col-50 elementor-top-column elementor-element elementor-element-1466edc6 elementor-hidden-desktop elementor-hidden-tablet\" data-id=\"1466edc6\" data-element_type=\"column\">\n\t\t\t<div class=\"elementor-widget-wrap elementor-element-populated\">\n\t\t\t\t\t\t<div class=\"elementor-element elementor-element-167248a elementor-widget elementor-widget-bdt-circle-menu\" data-id=\"167248a\" data-element_type=\"widget\" data-widget_type=\"bdt-circle-menu.default\">\n\t\t\t\t<div class=\"elementor-widget-container\">\n\t\t\t        <div id=\"bdt-circle-menu-167248a\" class=\"bdt-circle-menu-container \">\n            <ul class=\"bdt-circle-menu\" data-settings=\"{&quot;direction&quot;:&quot;right-half&quot;,&quot;item_diameter&quot;:30,&quot;circle_radius&quot;:100,&quot;speed&quot;:500,&quot;delay&quot;:1000,&quot;step_out&quot;:20,&quot;step_in&quot;:-20,&quot;trigger&quot;:&quot;hover&quot;,&quot;transition_function&quot;:&quot;ease&quot;}\">\n                <li class=\"bdt-toggle-icon\">\n\n                                            <a href=\"javascript:void(0)\" class=\"bdt-icon bdt-link-reset bdt-position-center\">\n                            <i class=\"ep-icon-menu\" aria-hidden=\"true\"><\/i>\n                        <\/a>\n                    \n                <\/li>\n                        <li class=\"bdt-menu-icon elementor-repeater-item-aee195c\">\n            <a href=\"http:\/\/world-ihs.com\/fr\" class=\"bdt-tippy-tooltip\" data-tippy=\"\" data-tippy-content=\"Home\" data-tippy-arrow=\"false\" data-tippy-animation=\"shift-away\">\n                                    <span>\n\n                        <i aria-hidden=\"true\" class=\"fa-fw fas fa-home\"><\/i>\n                    <\/span>\n\n                            <\/a>\n        <\/li>\n                <li class=\"bdt-menu-icon elementor-repeater-item-bbaf3c0\">\n            <a href=\"http:\/\/world-ihs.com\/fr\/#us\" class=\"bdt-tippy-tooltip\" data-tippy=\"\" data-tippy-content=\"About\" data-tippy-arrow=\"false\" data-tippy-animation=\"shift-away\">\n                                    <span>\n\n                        <i aria-hidden=\"true\" class=\"fa-fw far fa-file\"><\/i>\n                    <\/span>\n\n                            <\/a>\n        <\/li>\n                <li class=\"bdt-menu-icon elementor-repeater-item-25bd0a6\">\n            <a href=\"http:\/\/world-ihs.com\/fr\/#ser\" class=\"bdt-tippy-tooltip\" data-tippy=\"\" data-tippy-content=\"Services\" data-tippy-arrow=\"false\" data-tippy-animation=\"shift-away\">\n                                    <span>\n\n                        <i aria-hidden=\"true\" class=\"fa-fw fas fa-hand-holding-heart\"><\/i>\n                    <\/span>\n\n                            <\/a>\n        <\/li>\n                <li class=\"bdt-menu-icon elementor-repeater-item-604ac64\">\n            <a href=\"http:\/\/world-ihs.com\/fr\/#cont\" class=\"bdt-tippy-tooltip\" data-tippy=\"\" data-tippy-content=\"Contact Us\" data-tippy-arrow=\"false\" data-tippy-animation=\"shift-away\">\n                                    <span>\n\n                        <i aria-hidden=\"true\" class=\"fa-fw fas fa-envelope\"><\/i>\n                    <\/span>\n\n                            <\/a>\n        <\/li>\n                    <\/ul>\n        <\/div>\n        \t\t<\/div>\n\t\t\t\t<\/div>\n\t\t\t\t\t<\/div>\n\t\t<\/div>\n\t\t\t\t<div class=\"elementor-column elementor-col-50 elementor-top-column elementor-element elementor-element-0c338c9\" data-id=\"0c338c9\" data-element_type=\"column\">\n\t\t\t<div class=\"elementor-widget-wrap elementor-element-populated\">\n\t\t\t\t\t\t<div class=\"elementor-element elementor-element-10ee281 elementor-widget elementor-widget-heading\" data-id=\"10ee281\" data-element_type=\"widget\" data-widget_type=\"heading.default\">\n\t\t\t\t<div class=\"elementor-widget-container\">\n\t\t\t<style>\/*! elementor - v3.23.0 - 05-08-2024 *\/\n.elementor-heading-title{padding:0;margin:0;line-height:1}.elementor-widget-heading .elementor-heading-title[class*=elementor-size-]>a{color:inherit;font-size:inherit;line-height:inherit}.elementor-widget-heading .elementor-heading-title.elementor-size-small{font-size:15px}.elementor-widget-heading .elementor-heading-title.elementor-size-medium{font-size:19px}.elementor-widget-heading .elementor-heading-title.elementor-size-large{font-size:29px}.elementor-widget-heading .elementor-heading-title.elementor-size-xl{font-size:39px}.elementor-widget-heading .elementor-heading-title.elementor-size-xxl{font-size:59px}<\/style><h2 class=\"elementor-heading-title elementor-size-default\">Hospetak\n<\/h2>\t\t<\/div>\n\t\t\t\t<\/div>\n\t\t\t\t\t<\/div>\n\t\t<\/div>\n\t\t\t\t\t<\/div>\n\t\t<\/section>\n\t\t\t\t<section class=\"elementor-section elementor-top-section elementor-element elementor-element-67d3a91 elementor-section-boxed elementor-section-height-default elementor-section-height-default\" data-id=\"67d3a91\" data-element_type=\"section\">\n\t\t\t\t\t\t<div class=\"elementor-container elementor-column-gap-default\">\n\t\t\t\t\t<div class=\"elementor-column elementor-col-100 elementor-top-column elementor-element elementor-element-14b3617\" data-id=\"14b3617\" data-element_type=\"column\">\n\t\t\t<div class=\"elementor-widget-wrap elementor-element-populated\">\n\t\t\t\t\t\t<div class=\"elementor-element elementor-element-d33f315 elementor-icon-list--layout-inline elementor-align-center elementor-mobile-align-left elementor-tablet-align-center elementor-list-item-link-full_width elementor-widget elementor-widget-icon-list\" data-id=\"d33f315\" data-element_type=\"widget\" data-widget_type=\"icon-list.default\">\n\t\t\t\t<div class=\"elementor-widget-container\">\n\t\t\t<link rel=\"stylesheet\" href=\"https:\/\/world-ihs.com\/wp-content\/plugins\/elementor\/assets\/css\/widget-icon-list.min.css\">\t\t<ul class=\"elementor-icon-list-items elementor-inline-items\">\n\t\t\t\t\t\t\t<li class=\"elementor-icon-list-item elementor-inline-item\">\n\t\t\t\t\t\t\t\t\t\t\t<span class=\"elementor-icon-list-icon\">\n\t\t\t\t\t\t\t<i aria-hidden=\"true\" class=\"fas fa-stethoscope\"><\/i>\t\t\t\t\t\t<\/span>\n\t\t\t\t\t\t\t\t\t\t<span class=\"elementor-icon-list-text\">Visites chez le m\u00e9decin <\/span>\n\t\t\t\t\t\t\t\t\t<\/li>\n\t\t\t\t\t\t\t\t<li class=\"elementor-icon-list-item elementor-inline-item\">\n\t\t\t\t\t\t\t\t\t\t\t<span class=\"elementor-icon-list-icon\">\n\t\t\t\t\t\t\t<i aria-hidden=\"true\" class=\"fas fa-user-nurse\"><\/i>\t\t\t\t\t\t<\/span>\n\t\t\t\t\t\t\t\t\t\t<span class=\"elementor-icon-list-text\">Services infirmiers <\/span>\n\t\t\t\t\t\t\t\t\t<\/li>\n\t\t\t\t\t\t\t\t<li class=\"elementor-icon-list-item elementor-inline-item\">\n\t\t\t\t\t\t\t\t\t\t\t<span class=\"elementor-icon-list-icon\">\n\t\t\t\t\t\t\t<i aria-hidden=\"true\" class=\"fas fa-running\"><\/i>\t\t\t\t\t\t<\/span>\n\t\t\t\t\t\t\t\t\t\t<span class=\"elementor-icon-list-text\">Physioth\u00e9rapie <\/span>\n\t\t\t\t\t\t\t\t\t<\/li>\n\t\t\t\t\t\t\t\t<li class=\"elementor-icon-list-item elementor-inline-item\">\n\t\t\t\t\t\t\t\t\t\t\t<span class=\"elementor-icon-list-icon\">\n\t\t\t\t\t\t\t<i aria-hidden=\"true\" class=\"fab fa-envira\"><\/i>\t\t\t\t\t\t<\/span>\n\t\t\t\t\t\t\t\t\t\t<span class=\"elementor-icon-list-text\">Alimentation<\/span>\n\t\t\t\t\t\t\t\t\t<\/li>\n\t\t\t\t\t\t\t\t<li class=\"elementor-icon-list-item elementor-inline-item\">\n\t\t\t\t\t\t\t\t\t\t\t<span class=\"elementor-icon-list-icon\">\n\t\t\t\t\t\t\t<i aria-hidden=\"true\" class=\"fas fa-tooth\"><\/i>\t\t\t\t\t\t<\/span>\n\t\t\t\t\t\t\t\t\t\t<span class=\"elementor-icon-list-text\">Soins dentaires <\/span>\n\t\t\t\t\t\t\t\t\t<\/li>\n\t\t\t\t\t\t\t\t<li class=\"elementor-icon-list-item elementor-inline-item\">\n\t\t\t\t\t\t\t\t\t\t\t<span class=\"elementor-icon-list-icon\">\n\t\t\t\t\t\t\t<i aria-hidden=\"true\" class=\"fas fa-notes-medical\"><\/i>\t\t\t\t\t\t<\/span>\n\t\t\t\t\t\t\t\t\t\t<span class=\"elementor-icon-list-text\">Tests de laboratoire <\/span>\n\t\t\t\t\t\t\t\t\t<\/li>\n\t\t\t\t\t\t\t\t<li class=\"elementor-icon-list-item elementor-inline-item\">\n\t\t\t\t\t\t\t\t\t\t\t<span class=\"elementor-icon-list-icon\">\n\t\t\t\t\t\t\t<i aria-hidden=\"true\" class=\"fas fa-bone\"><\/i>\t\t\t\t\t\t<\/span>\n\t\t\t\t\t\t\t\t\t\t<span class=\"elementor-icon-list-text\">Rayons X <\/span>\n\t\t\t\t\t\t\t\t\t<\/li>\n\t\t\t\t\t\t<\/ul>\n\t\t\t\t<\/div>\n\t\t\t\t<\/div>\n\t\t\t\t\t<\/div>\n\t\t<\/div>\n\t\t\t\t\t<\/div>\n\t\t<\/section>\n\t\t\t\t<section class=\"elementor-section elementor-top-section elementor-element elementor-element-ee882fc elementor-section-boxed elementor-section-height-default elementor-section-height-default\" data-id=\"ee882fc\" data-element_type=\"section\" data-settings=\"{&quot;background_background&quot;:&quot;classic&quot;}\">\n\t\t\t\t\t\t<div class=\"elementor-container elementor-column-gap-default\">\n\t\t\t\t\t<div class=\"elementor-column elementor-col-33 elementor-top-column elementor-element elementor-element-56eff9a2\" data-id=\"56eff9a2\" data-element_type=\"column\">\n\t\t\t<div class=\"elementor-widget-wrap elementor-element-populated\">\n\t\t\t\t\t\t<div class=\"elementor-element elementor-element-1687265e elementor-widget elementor-widget-ucaddon_square_icon_box\" data-id=\"1687265e\" data-element_type=\"widget\" data-widget_type=\"ucaddon_square_icon_box.default\">\n\t\t\t\t<div class=\"elementor-widget-container\">\n\t\t\t\n<!-- start Icon Box -->\n\t\t<link id='font-awesome-css' href='https:\/\/world-ihs.com\/wp-content\/plugins\/unlimited-elements-for-elementor-premium\/assets_libraries\/font-awesome6\/fontawesome-all.min.css' type='text\/css' rel='stylesheet' >\n\t\t<link id='font-awesome-4-shim-css' href='https:\/\/world-ihs.com\/wp-content\/plugins\/unlimited-elements-for-elementor-premium\/assets_libraries\/font-awesome6\/fontawesome-v4-shims.min.css' type='text\/css' rel='stylesheet' >\n\t\t<link id='uc_ac_assets_file_blox_boxed_small_square_icon_box_css_0-css' href='https:\/\/world-ihs.com\/wp-content\/uploads\/ac_assets\/blox-boxed-small-square-icon-box\/blox-boxed-small-square-icon-box.css' type='text\/css' rel='stylesheet' >\n\n<style>\/* widget: Icon Box *\/\n\n#uc_square_icon_box_elementor_1687265e * { \n\tbox-sizing: border-box; \n}\n\n#uc_square_icon_box_elementor_1687265e{\n\tfont-family: inherit;\n    transition:0.3s;\n}\n\n#uc_square_icon_box_elementor_1687265e .blox-boxed-small-square-icon-box-icon{\n\t\n\tposition:relative;\n    display:flex;\n    justify-content:center;\n    align-items:center;\n    transform:rotate(0deg);\n}\n\n#uc_square_icon_box_elementor_1687265e .blox-boxed-small-square-icon-box-icon > div{\n\t\n\tposition:relative;\n    display:flex;\n    justify-content:center;\n    align-items:center;\n    transform:rotate(-0deg);\n}\n#uc_square_icon_box_elementor_1687265e .blox-boxed-small-square-icon-box-icon svg{\n    height:1em;\n    width:1em;\n\t} \t\n\t\n.blox-boxed-small-square-icon-box-heading{\n\tfont-size:21px;\n\t}\n\n\n#uc_square_icon_box_elementor_1687265e:hover\n{\n  position:relative;\n  z-index:1;\n}\n\n\n#uc_square_icon_box_elementor_1687265e .ue_box_button\n{\n  text-align:center;\n  text-decoration:none;\n  display:inline-block;\n  transition:0.3s;\n}\n\n\n#uc_square_icon_box_elementor_1687265e span.line\n{\n  display:block;\n  position:absolute;\n  top:0;\n  left:0;\n  width:0px;\n  transition:0.3s;\n}\n\n#uc_square_icon_box_elementor_1687265e:hover span.line\n{\n  width:100%;\n}\n\n#uc_square_icon_box_elementor_1687265e .ue-title-separator span\n{\n  display:inline-block;\n  transition:0.3s;\n}\n\n<\/style>\n\n<div class=\"square_icon_box \" id=\"uc_square_icon_box_elementor_1687265e\">\n              <div class=\"ue-icon\">\n       <a style=\"display:inline-block;\" href=\"#\" >\n         <div class=\"blox-boxed-small-square-icon-box-icon\" style=\"background-color: ;\">\n           <div><i class='far fa-file'><\/i><\/div>\n         <\/div>\n       <\/a>\n       <\/div>\n         \n  \t\t        <div class=\"blox-boxed-small-square-icon-box-heading\">\n        \tli\u00e9es\n        <\/div>\n          \n  \t\t             <div class=\"ue-title-separator\">\n               <span><\/span>\n             <\/div>\n          \n  \n                <div class=\"blox-boxed-small-square-icon-box-content\">\n        \tfournit des soins m\u00e9dicaux \u00e0 domicile agr\u00e9\u00e9s en \u00c9gypte aux personnes qui ont besoin d'un traitement m\u00e9dical r\u00e9gulier ou d'une assistance en raison des difficult\u00e9s li\u00e9es au vieillissement ou de certaines conditions m\u00e9dicales \n        <\/div>\n          \n  \t\t        \n        <\/div>\n<!-- end Icon Box -->\t\t<\/div>\n\t\t\t\t<\/div>\n\t\t\t\t\t<\/div>\n\t\t<\/div>\n\t\t\t\t<div class=\"elementor-column elementor-col-33 elementor-top-column elementor-element elementor-element-30cb8750\" data-id=\"30cb8750\" data-element_type=\"column\">\n\t\t\t<div class=\"elementor-widget-wrap elementor-element-populated\">\n\t\t\t\t\t\t<div class=\"elementor-element elementor-element-55144b9b elementor-widget elementor-widget-ucaddon_square_icon_box\" data-id=\"55144b9b\" data-element_type=\"widget\" data-widget_type=\"ucaddon_square_icon_box.default\">\n\t\t\t\t<div class=\"elementor-widget-container\">\n\t\t\t\n<!-- start Icon Box -->\n\n<style>\/* widget: Icon Box *\/\n\n#uc_square_icon_box_elementor_55144b9b * { \n\tbox-sizing: border-box; \n}\n\n#uc_square_icon_box_elementor_55144b9b{\n\tfont-family: inherit;\n    transition:0.3s;\n}\n\n#uc_square_icon_box_elementor_55144b9b .blox-boxed-small-square-icon-box-icon{\n\t\n\tposition:relative;\n    display:flex;\n    justify-content:center;\n    align-items:center;\n    transform:rotate(0deg);\n}\n\n#uc_square_icon_box_elementor_55144b9b .blox-boxed-small-square-icon-box-icon > div{\n\t\n\tposition:relative;\n    display:flex;\n    justify-content:center;\n    align-items:center;\n    transform:rotate(-0deg);\n}\n#uc_square_icon_box_elementor_55144b9b .blox-boxed-small-square-icon-box-icon svg{\n    height:1em;\n    width:1em;\n\t} \t\n\t\n.blox-boxed-small-square-icon-box-heading{\n\tfont-size:21px;\n\t}\n\n\n#uc_square_icon_box_elementor_55144b9b:hover\n{\n  position:relative;\n  z-index:1;\n}\n\n\n#uc_square_icon_box_elementor_55144b9b .ue_box_button\n{\n  text-align:center;\n  text-decoration:none;\n  display:inline-block;\n  transition:0.3s;\n}\n\n\n#uc_square_icon_box_elementor_55144b9b span.line\n{\n  display:block;\n  position:absolute;\n  top:0;\n  left:0;\n  width:0px;\n  transition:0.3s;\n}\n\n#uc_square_icon_box_elementor_55144b9b:hover span.line\n{\n  width:100%;\n}\n\n#uc_square_icon_box_elementor_55144b9b .ue-title-separator span\n{\n  display:inline-block;\n  transition:0.3s;\n}\n\n<\/style>\n\n<div class=\"square_icon_box \" id=\"uc_square_icon_box_elementor_55144b9b\">\n              <div class=\"ue-icon\">\n       <a style=\"display:inline-block;\" href=\"#\" >\n         <div class=\"blox-boxed-small-square-icon-box-icon\" style=\"background-color: ;\">\n           <div><i class='fas fa-home'><\/i><\/div>\n         <\/div>\n       <\/a>\n       <\/div>\n         \n  \t\t        <div class=\"blox-boxed-small-square-icon-box-heading\">\n        \ts\u00e9curit\u00e9\n        <\/div>\n          \n  \t\t             <div class=\"ue-title-separator\">\n               <span><\/span>\n             <\/div>\n          \n  \n                <div class=\"blox-boxed-small-square-icon-box-content\">\n        \tNous aidons les gens \u00e0 rester chez eux et \u00e0 \u00e9viter le risque de se rendre dans un \u00e9tablissement m\u00e9dical et nous aidons les familles \u00e0 rester ensemble en s\u00e9curit\u00e9 \n        <\/div>\n          \n  \t\t        \n        <\/div>\n<!-- end Icon Box -->\t\t<\/div>\n\t\t\t\t<\/div>\n\t\t\t\t\t<\/div>\n\t\t<\/div>\n\t\t\t\t<div class=\"elementor-column elementor-col-33 elementor-top-column elementor-element elementor-element-2dee03fa\" data-id=\"2dee03fa\" data-element_type=\"column\">\n\t\t\t<div class=\"elementor-widget-wrap elementor-element-populated\">\n\t\t\t\t\t\t<div class=\"elementor-element elementor-element-625e6d10 elementor-widget elementor-widget-ucaddon_square_icon_box\" data-id=\"625e6d10\" data-element_type=\"widget\" data-widget_type=\"ucaddon_square_icon_box.default\">\n\t\t\t\t<div class=\"elementor-widget-container\">\n\t\t\t\n<!-- start Icon Box -->\n\n<style>\/* widget: Icon Box *\/\n\n#uc_square_icon_box_elementor_625e6d10 * { \n\tbox-sizing: border-box; \n}\n\n#uc_square_icon_box_elementor_625e6d10{\n\tfont-family: inherit;\n    transition:0.3s;\n}\n\n#uc_square_icon_box_elementor_625e6d10 .blox-boxed-small-square-icon-box-icon{\n\t\n\tposition:relative;\n    display:flex;\n    justify-content:center;\n    align-items:center;\n    transform:rotate(0deg);\n}\n\n#uc_square_icon_box_elementor_625e6d10 .blox-boxed-small-square-icon-box-icon > div{\n\t\n\tposition:relative;\n    display:flex;\n    justify-content:center;\n    align-items:center;\n    transform:rotate(-0deg);\n}\n#uc_square_icon_box_elementor_625e6d10 .blox-boxed-small-square-icon-box-icon svg{\n    height:1em;\n    width:1em;\n\t} \t\n\t\n.blox-boxed-small-square-icon-box-heading{\n\tfont-size:21px;\n\t}\n\n\n#uc_square_icon_box_elementor_625e6d10:hover\n{\n  position:relative;\n  z-index:1;\n}\n\n\n#uc_square_icon_box_elementor_625e6d10 .ue_box_button\n{\n  text-align:center;\n  text-decoration:none;\n  display:inline-block;\n  transition:0.3s;\n}\n\n\n#uc_square_icon_box_elementor_625e6d10 span.line\n{\n  display:block;\n  position:absolute;\n  top:0;\n  left:0;\n  width:0px;\n  transition:0.3s;\n}\n\n#uc_square_icon_box_elementor_625e6d10:hover span.line\n{\n  width:100%;\n}\n\n#uc_square_icon_box_elementor_625e6d10 .ue-title-separator span\n{\n  display:inline-block;\n  transition:0.3s;\n}\n\n<\/style>\n\n<div class=\"square_icon_box \" id=\"uc_square_icon_box_elementor_625e6d10\">\n              <div class=\"ue-icon\">\n       <a style=\"display:inline-block;\" href=\"#\" >\n         <div class=\"blox-boxed-small-square-icon-box-icon\" style=\"background-color: ;\">\n           <div><i class='fas fa-user-md'><\/i><\/div>\n         <\/div>\n       <\/a>\n       <\/div>\n         \n  \t\t        <div class=\"blox-boxed-small-square-icon-box-heading\">\n        \tprofessionnelle\n        <\/div>\n          \n  \t\t             <div class=\"ue-title-separator\">\n               <span><\/span>\n             <\/div>\n          \n  \n                <div class=\"blox-boxed-small-square-icon-box-content\">\n        \tNotre philosophie est que tout le monde peut gagner si les soins sont prodigu\u00e9s de mani\u00e8re coh\u00e9rente et professionnelle et sous la supervision d'une \u00e9quipe de m\u00e9decins bien form\u00e9s. \n        <\/div>\n          \n  \t\t        \n        <\/div>\n<!-- end Icon Box -->\t\t<\/div>\n\t\t\t\t<\/div>\n\t\t\t\t\t<\/div>\n\t\t<\/div>\n\t\t\t\t\t<\/div>\n\t\t<\/section>\n\t\t\t\t<\/div>\n\t\t","protected":false},"excerpt":{"rendered":"<p>Hospetak Visites chez le m\u00e9decin Services infirmiers Physioth\u00e9rapie Alimentation Soins dentaires Tests de laboratoire Rayons X li\u00e9es fournit des soins m\u00e9dicaux \u00e0 domicile agr\u00e9\u00e9s en \u00c9gypte aux personnes qui ont besoin d&rsquo;un traitement m\u00e9dical r\u00e9gulier ou d&rsquo;une assistance en raison des difficult\u00e9s li\u00e9es au vieillissement ou de certaines conditions m\u00e9dicales s\u00e9curit\u00e9 Nous aidons les gens [&hellip;]<\/p>\n","protected":false},"author":3,"featured_media":0,"parent":0,"menu_order":0,"comment_status":"closed","ping_status":"closed","template":"elementor_header_footer","meta":{"site-sidebar-layout":"default","site-content-layout":"","ast-site-content-layout":"","site-content-style":"default","site-sidebar-style":"default","ast-global-header-display":"","ast-banner-title-visibility":"","ast-main-header-display":"","ast-hfb-above-header-display":"","ast-hfb-below-header-display":"","ast-hfb-mobile-header-display":"","site-post-title":"","ast-breadcrumbs-content":"","ast-featured-img":"","footer-sml-layout":"","theme-transparent-header-meta":"","adv-header-id-meta":"","stick-header-meta":"","header-above-stick-meta":"","header-main-stick-meta":"","header-below-stick-meta":"","astra-migrate-meta-layouts":"default","ast-page-background-enabled":"default","ast-page-background-meta":{"desktop":{"background-color":"","background-image":"","background-repeat":"repeat","background-position":"center center","background-size":"auto","background-attachment":"scroll","background-type":"","background-media":"","overlay-type":"","overlay-color":"","overlay-opacity":"","overlay-gradient":""},"tablet":{"background-color":"","background-image":"","background-repeat":"repeat","background-position":"center center","background-size":"auto","background-attachment":"scroll","background-type":"","background-media":"","overlay-type":"","overlay-color":"","overlay-opacity":"","overlay-gradient":""},"mobile":{"background-color":"","background-image":"","background-repeat":"repeat","background-position":"center center","background-size":"auto","background-attachment":"scroll","background-type":"","background-media":"","overlay-type":"","overlay-color":"","overlay-opacity":"","overlay-gradient":""}},"ast-content-background-meta":{"desktop":{"background-color":"var(--ast-global-color-5)","background-image":"","background-repeat":"repeat","background-position":"center center","background-size":"auto","background-attachment":"scroll","background-type":"","background-media":"","overlay-type":"","overlay-color":"","overlay-opacity":"","overlay-gradient":""},"tablet":{"background-color":"var(--ast-global-color-5)","background-image":"","background-repeat":"repeat","background-position":"center center","background-size":"auto","background-attachment":"scroll","background-type":"","background-media":"","overlay-type":"","overlay-color":"","overlay-opacity":"","overlay-gradient":""},"mobile":{"background-color":"var(--ast-global-color-5)","background-image":"","background-repeat":"repeat","background-position":"center center","background-size":"auto","background-attachment":"scroll","background-type":"","background-media":"","overlay-type":"","overlay-color":"","overlay-opacity":"","overlay-gradient":""}},"footnotes":""},"class_list":["post-3470","page","type-page","status-publish","hentry"],"_links":{"self":[{"href":"https:\/\/world-ihs.com\/fr\/wp-json\/wp\/v2\/pages\/3470","targetHints":{"allow":["GET"]}}],"collection":[{"href":"https:\/\/world-ihs.com\/fr\/wp-json\/wp\/v2\/pages"}],"about":[{"href":"https:\/\/world-ihs.com\/fr\/wp-json\/wp\/v2\/types\/page"}],"author":[{"embeddable":true,"href":"https:\/\/world-ihs.com\/fr\/wp-json\/wp\/v2\/users\/3"}],"replies":[{"embeddable":true,"href":"https:\/\/world-ihs.com\/fr\/wp-json\/wp\/v2\/comments?post=3470"}],"version-history":[{"count":7,"href":"https:\/\/world-ihs.com\/fr\/wp-json\/wp\/v2\/pages\/3470\/revisions"}],"predecessor-version":[{"id":3525,"href":"https:\/\/world-ihs.com\/fr\/wp-json\/wp\/v2\/pages\/3470\/revisions\/3525"}],"wp:attachment":[{"href":"https:\/\/world-ihs.com\/fr\/wp-json\/wp\/v2\/media?parent=3470"}],"curies":[{"name":"wp","href":"https:\/\/api.w.org\/{rel}","templated":true}]}}